{"id":119,"date":"2021-01-27T09:23:39","date_gmt":"2021-01-27T08:23:39","guid":{"rendered":"http:\/\/spotkanieautorskie.pl\/?page_id=119"},"modified":"2021-01-27T09:25:52","modified_gmt":"2021-01-27T08:25:52","slug":"elementor-119","status":"publish","type":"page","link":"https:\/\/spotkanieautorskie.pl\/index.php\/elementor-119\/","title":{"rendered":"Elementor #119"},"content":{"rendered":"\t\t<div data-elementor-type=\"wp-page\" data-elementor-id=\"119\" class=\"elementor elementor-119\" data-elementor-settings=\"[]\">\n\t\t\t\t\t\t<div class=\"elementor-inner\">\n\t\t\t\t\t\t\t<div class=\"elementor-section-wrap\">\n\t\t\t\t\t\t\t<section class=\"elementor-section elementor-top-section elementor-element elementor-element-6fe7e9dd elementor-section-boxed elementor-section-height-default elementor-section-height-default\" data-id=\"6fe7e9dd\" data-element_type=\"section\" data-settings=\"{&quot;background_background&quot;:&quot;classic&quot;}\">\n\t\t\t\t\t\t\t<div class=\"elementor-background-overlay\"><\/div>\n\t\t\t\t\t\t\t<div class=\"elementor-container elementor-column-gap-default\">\n\t\t\t\t\t\t\t<div class=\"elementor-row\">\n\t\t\t\t\t<div class=\"elementor-column elementor-col-100 elementor-top-column elementor-element elementor-element-559e5a4d\" data-id=\"559e5a4d\" data-element_type=\"column\">\n\t\t\t<div class=\"elementor-column-wrap elementor-element-populated\">\n\t\t\t\t\t\t\t<div class=\"elementor-widget-wrap\">\n\t\t\t\t\t\t<div class=\"elementor-element elementor-element-20b36daa elementor-widget elementor-widget-heading\" data-id=\"20b36daa\" data-element_type=\"widget\" data-widget_type=\"heading.default\">\n\t\t\t\t<div class=\"elementor-widget-container\">\n\t\t\t<h1 class=\"elementor-heading-title elementor-size-default\">Rezerwuj spotkanie autorskie on-line<\/h1>\t\t<\/div>\n\t\t\t\t<\/div>\n\t\t\t\t<div class=\"elementor-element elementor-element-7f575141 elementor-widget__width-initial elementor-widget elementor-widget-text-editor\" data-id=\"7f575141\" data-element_type=\"widget\" data-widget_type=\"text-editor.default\">\n\t\t\t\t<div class=\"elementor-widget-container\">\n\t\t\t\t\t<div class=\"elementor-text-editor elementor-clearfix\"><p>Wype\u0142nij prosty formularz, a na pewno oddzwoni\u0119, by om\u00f3wi\u0107 szczeg\u00f3\u0142y spotkania autorskiego.<\/p><\/div>\n\t\t\t\t<\/div>\n\t\t\t\t<\/div>\n\t\t\t\t\t\t<\/div>\n\t\t\t\t\t<\/div>\n\t\t<\/div>\n\t\t\t\t\t\t\t\t<\/div>\n\t\t\t\t\t<\/div>\n\t\t<\/section>\n\t\t\t\t<section class=\"elementor-section elementor-top-section elementor-element elementor-element-3595203d elementor-section-boxed elementor-section-height-default elementor-section-height-default\" data-id=\"3595203d\" data-element_type=\"section\">\n\t\t\t\t\t\t<div class=\"elementor-container elementor-column-gap-default\">\n\t\t\t\t\t\t\t<div class=\"elementor-row\">\n\t\t\t\t\t<div class=\"elementor-column elementor-col-100 elementor-top-column elementor-element elementor-element-2777e4d6\" data-id=\"2777e4d6\" data-element_type=\"column\">\n\t\t\t<div class=\"elementor-column-wrap elementor-element-populated\">\n\t\t\t\t\t\t\t<div class=\"elementor-widget-wrap\">\n\t\t\t\t\t\t<div class=\"elementor-element elementor-element-4bbbdea9 elementor-widget elementor-widget-text-editor\" data-id=\"4bbbdea9\" data-element_type=\"widget\" data-widget_type=\"text-editor.default\">\n\t\t\t\t<div class=\"elementor-widget-container\">\n\t\t\t\t\t<div class=\"elementor-text-editor elementor-clearfix\"><p>Mo\u017cna te\u017c bezpo\u015brednio kontaktowa\u0107 si\u0119 telefonicznie z Panem Poet\u0105: 696 062 716<\/p><\/div>\n\t\t\t\t<\/div>\n\t\t\t\t<\/div>\n\t\t\t\t<div class=\"elementor-element elementor-element-758c0fb0 elementor-widget-divider--view-line elementor-widget elementor-widget-divider\" data-id=\"758c0fb0\" data-element_type=\"widget\" data-widget_type=\"divider.default\">\n\t\t\t\t<div class=\"elementor-widget-container\">\n\t\t\t\t\t<div class=\"elementor-divider\">\n\t\t\t<span class=\"elementor-divider-separator\">\n\t\t\t\t\t\t<\/span>\n\t\t<\/div>\n\t\t\t\t<\/div>\n\t\t\t\t<\/div>\n\t\t\t\t<div class=\"elementor-element elementor-element-e7f722e elementor-button-align-center elementor-widget elementor-widget-form\" data-id=\"e7f722e\" data-element_type=\"widget\" data-settings=\"{&quot;step_next_label&quot;:&quot;Next&quot;,&quot;step_previous_label&quot;:&quot;Previous&quot;,&quot;step_type&quot;:&quot;number_text&quot;,&quot;step_icon_shape&quot;:&quot;circle&quot;}\" data-widget_type=\"form.default\">\n\t\t\t\t<div class=\"elementor-widget-container\">\n\t\t\t\t\t<form class=\"elementor-form\" method=\"post\" name=\"New Form\">\n\t\t\t<input type=\"hidden\" name=\"post_id\" value=\"119\"\/>\n\t\t\t<input type=\"hidden\" name=\"form_id\" value=\"e7f722e\"\/>\n\n\t\t\t\n\t\t\t<div class=\"elementor-form-fields-wrapper elementor-labels-\">\n\t\t\t\t\t\t\t\t<div class=\"elementor-field-type-text elementor-field-group elementor-column elementor-field-group-name elementor-col-50\">\n\t\t\t\t\t<label for=\"form-field-name\" class=\"elementor-field-label elementor-screen-only\">Name<\/label><input size=\"1\" type=\"text\" name=\"form_fields[name]\" id=\"form-field-name\" class=\"elementor-field elementor-size-sm  elementor-field-textual\" placeholder=\"Imi\u0119\">\t\t\t\t<\/div>\n\t\t\t\t\t\t\t\t<div class=\"elementor-field-type-email elementor-field-group elementor-column elementor-field-group-email elementor-col-50 elementor-field-required\">\n\t\t\t\t\t<label for=\"form-field-email\" class=\"elementor-field-label elementor-screen-only\">Email<\/label><input size=\"1\" type=\"email\" name=\"form_fields[email]\" id=\"form-field-email\" class=\"elementor-field elementor-size-sm  elementor-field-textual\" placeholder=\"E-mail\" required=\"required\" aria-required=\"true\">\t\t\t\t<\/div>\n\t\t\t\t\t\t\t\t<div class=\"elementor-field-type-text elementor-field-group elementor-column elementor-field-group-field_53eeed0 elementor-col-50 elementor-field-required\">\n\t\t\t\t\t<label for=\"form-field-field_53eeed0\" class=\"elementor-field-label elementor-screen-only\">Phone<\/label><input size=\"1\" type=\"text\" name=\"form_fields[field_53eeed0]\" id=\"form-field-field_53eeed0\" class=\"elementor-field elementor-size-sm  elementor-field-textual\" placeholder=\"Telefon\" required=\"required\" aria-required=\"true\">\t\t\t\t<\/div>\n\t\t\t\t\t\t\t\t<div class=\"elementor-field-type-text elementor-field-group elementor-column elementor-field-group-field_e7cb178 elementor-col-50 elementor-field-required\">\n\t\t\t\t\t<label for=\"form-field-field_e7cb178\" class=\"elementor-field-label elementor-screen-only\">Event Location<\/label><input size=\"1\" type=\"text\" name=\"form_fields[field_e7cb178]\" id=\"form-field-field_e7cb178\" class=\"elementor-field elementor-size-sm  elementor-field-textual\" placeholder=\"Miejsce spotkania\" required=\"required\" aria-required=\"true\">\t\t\t\t<\/div>\n\t\t\t\t\t\t\t\t<div class=\"elementor-field-type-text elementor-field-group elementor-column elementor-field-group-field_9dcc06d elementor-col-50\">\n\t\t\t\t\t<label for=\"form-field-field_9dcc06d\" class=\"elementor-field-label elementor-screen-only\">Event Budget<\/label><input size=\"1\" type=\"text\" name=\"form_fields[field_9dcc06d]\" id=\"form-field-field_9dcc06d\" class=\"elementor-field elementor-size-sm  elementor-field-textual\" placeholder=\"Zak\u0142adany bud\u017cet \">\t\t\t\t<\/div>\n\t\t\t\t\t\t\t\t<div class=\"elementor-field-type-text elementor-field-group elementor-column elementor-field-group-field_43433e7 elementor-col-50\">\n\t\t\t\t\t<label for=\"form-field-field_43433e7\" class=\"elementor-field-label elementor-screen-only\">Liczba dzieci<\/label><input size=\"1\" type=\"text\" name=\"form_fields[field_43433e7]\" id=\"form-field-field_43433e7\" class=\"elementor-field elementor-size-sm  elementor-field-textual\" placeholder=\"Liczba dzieci\">\t\t\t\t<\/div>\n\t\t\t\t\t\t\t\t<div class=\"elementor-field-type-select elementor-field-group elementor-column elementor-field-group-field_8e86666 elementor-col-50\">\n\t\t\t\t\t<label for=\"form-field-field_8e86666\" class=\"elementor-field-label elementor-screen-only\">Event Theme<\/label>\t\t<div class=\"elementor-field elementor-select-wrapper \">\n\t\t\t<select name=\"form_fields[field_8e86666]\" id=\"form-field-field_8e86666\" class=\"elementor-field-textual elementor-size-sm\">\n\t\t\t\t<option value=\"Spotkanie on-line\">Spotkanie on-line<\/option><option value=\"Spotkanie na \u017cywo\">Spotkanie na \u017cywo<\/option>\t\t\t<\/select>\n\t\t<\/div>\n\t\t\t\t\t\t<\/div>\n\t\t\t\t\t\t\t\t<div class=\"elementor-field-type-select elementor-field-group elementor-column elementor-field-group-field_7ae047c elementor-col-50\">\n\t\t\t\t\t<label for=\"form-field-field_7ae047c\" class=\"elementor-field-label elementor-screen-only\">Event Theme<\/label>\t\t<div class=\"elementor-field elementor-select-wrapper \">\n\t\t\t<select name=\"form_fields[field_7ae047c]\" id=\"form-field-field_7ae047c\" class=\"elementor-field-textual elementor-size-sm\">\n\t\t\t\t<option value=\"Zakup ksi\u0105\u017cek  - TAK\">Zakup ksi\u0105\u017cek  - TAK<\/option><option value=\"Zakup ksi\u0105\u017cek - NIE\">Zakup ksi\u0105\u017cek - NIE<\/option>\t\t\t<\/select>\n\t\t<\/div>\n\t\t\t\t\t\t<\/div>\n\t\t\t\t\t\t\t\t<div class=\"elementor-field-type-textarea elementor-field-group elementor-column elementor-field-group-field_e22d5f4 elementor-col-100\">\n\t\t\t\t\t<label for=\"form-field-field_e22d5f4\" class=\"elementor-field-label elementor-screen-only\">Question<\/label><textarea class=\"elementor-field-textual elementor-field  elementor-size-sm\" name=\"form_fields[field_e22d5f4]\" id=\"form-field-field_e22d5f4\" rows=\"10\" placeholder=\"Dodatkowe pytanie\"><\/textarea>\t\t\t\t<\/div>\n\t\t\t\t\t\t\t\t<div class=\"elementor-field-group elementor-column elementor-field-type-submit elementor-col-100 e-form__buttons\">\n\t\t\t\t\t<button type=\"submit\" class=\"elementor-button elementor-size-sm elementor-animation-grow\">\n\t\t\t\t\t\t<span >\n\t\t\t\t\t\t\t\t\t\t\t\t\t\t\t<span class=\" elementor-button-icon\">\n\t\t\t\t\t\t\t\t\t\t\t\t\t\t\t\t\t\t\t\t\t\t\t\t\t\t<\/span>\n\t\t\t\t\t\t\t\t\t\t\t\t\t\t\t\t\t\t\t\t\t\t<span class=\"elementor-button-text\">Rezerwuj spotkanie autorskie<\/span>\n\t\t\t\t\t\t\t\t\t\t\t\t\t<\/span>\n\t\t\t\t\t<\/button>\n\t\t\t\t<\/div>\n\t\t\t<\/div>\n\t\t<\/form>\n\t\t\t\t<\/div>\n\t\t\t\t<\/div>\n\t\t\t\t\t\t<\/div>\n\t\t\t\t\t<\/div>\n\t\t<\/div>\n\t\t\t\t\t\t\t\t<\/div>\n\t\t\t\t\t<\/div>\n\t\t<\/section>\n\t\t\t\t\t\t<\/div>\n\t\t\t\t\t\t<\/div>\n\t\t\t\t\t<\/div>\n\t\t","protected":false},"excerpt":{"rendered":"<p>Rezerwuj spotkanie autorskie on-line Wype\u0142nij prosty formularz, a na pewno oddzwoni\u0119, by om\u00f3wi\u0107 szczeg\u00f3\u0142y spotkania autorskiego. Mo\u017cna te\u017c bezpo\u015brednio kontaktowa\u0107 si\u0119 telefonicznie z Panem Poet\u0105: 696 062 716<\/p>\n","protected":false},"author":1,"featured_media":0,"parent":0,"menu_order":0,"comment_status":"closed","ping_status":"closed","template":"elementor_canvas","meta":{"footnotes":""},"class_list":["post-119","page","type-page","status-publish","hentry"],"yoast_head":"<!-- This site is optimized with the Yoast SEO plugin v21.2 - https:\/\/yoast.com\/wordpress\/plugins\/seo\/ -->\n<title>Elementor #119 - Spotkanie autorskie dla dzieci<\/title>\n<meta name=\"robots\" content=\"index, follow, max-snippet:-1, max-image-preview:large, max-video-preview:-1\" \/>\n<link rel=\"canonical\" href=\"https:\/\/spotkanieautorskie.pl\/index.php\/elementor-119\/\" \/>\n<meta property=\"og:locale\" content=\"pl_PL\" \/>\n<meta property=\"og:type\" content=\"article\" \/>\n<meta property=\"og:title\" content=\"Elementor #119 - Spotkanie autorskie dla dzieci\" \/>\n<meta property=\"og:description\" content=\"Rezerwuj spotkanie autorskie on-line Wype\u0142nij prosty formularz, a na pewno oddzwoni\u0119, by om\u00f3wi\u0107 szczeg\u00f3\u0142y spotkania autorskiego. Mo\u017cna te\u017c bezpo\u015brednio kontaktowa\u0107 si\u0119 telefonicznie z Panem Poet\u0105: 696 062 716\" \/>\n<meta property=\"og:url\" content=\"https:\/\/spotkanieautorskie.pl\/index.php\/elementor-119\/\" \/>\n<meta property=\"og:site_name\" content=\"Spotkanie autorskie dla dzieci\" \/>\n<meta property=\"article:modified_time\" content=\"2021-01-27T08:25:52+00:00\" \/>\n<meta name=\"twitter:card\" content=\"summary_large_image\" \/>\n<script type=\"application\/ld+json\" class=\"yoast-schema-graph\">{\"@context\":\"https:\/\/schema.org\",\"@graph\":[{\"@type\":\"WebPage\",\"@id\":\"https:\/\/spotkanieautorskie.pl\/index.php\/elementor-119\/\",\"url\":\"https:\/\/spotkanieautorskie.pl\/index.php\/elementor-119\/\",\"name\":\"Elementor #119 - Spotkanie autorskie dla dzieci\",\"isPartOf\":{\"@id\":\"https:\/\/spotkanieautorskie.pl\/#website\"},\"datePublished\":\"2021-01-27T08:23:39+00:00\",\"dateModified\":\"2021-01-27T08:25:52+00:00\",\"breadcrumb\":{\"@id\":\"https:\/\/spotkanieautorskie.pl\/index.php\/elementor-119\/#breadcrumb\"},\"inLanguage\":\"pl-PL\",\"potentialAction\":[{\"@type\":\"ReadAction\",\"target\":[\"https:\/\/spotkanieautorskie.pl\/index.php\/elementor-119\/\"]}]},{\"@type\":\"BreadcrumbList\",\"@id\":\"https:\/\/spotkanieautorskie.pl\/index.php\/elementor-119\/#breadcrumb\",\"itemListElement\":[{\"@type\":\"ListItem\",\"position\":1,\"name\":\"Strona g\u0142\u00f3wna\",\"item\":\"https:\/\/spotkanieautorskie.pl\/\"},{\"@type\":\"ListItem\",\"position\":2,\"name\":\"Elementor #119\"}]},{\"@type\":\"WebSite\",\"@id\":\"https:\/\/spotkanieautorskie.pl\/#website\",\"url\":\"https:\/\/spotkanieautorskie.pl\/\",\"name\":\"Spotkanie autorskie dla dzieci\",\"description\":\"Spotkania autorskie dla dzieci z pisarzem\",\"potentialAction\":[{\"@type\":\"SearchAction\",\"target\":{\"@type\":\"EntryPoint\",\"urlTemplate\":\"https:\/\/spotkanieautorskie.pl\/?s={search_term_string}\"},\"query-input\":\"required name=search_term_string\"}],\"inLanguage\":\"pl-PL\"}]}<\/script>\n<!-- \/ Yoast SEO plugin. -->","yoast_head_json":{"title":"Elementor #119 - Spotkanie autorskie dla dzieci","robots":{"index":"index","follow":"follow","max-snippet":"max-snippet:-1","max-image-preview":"max-image-preview:large","max-video-preview":"max-video-preview:-1"},"canonical":"https:\/\/spotkanieautorskie.pl\/index.php\/elementor-119\/","og_locale":"pl_PL","og_type":"article","og_title":"Elementor #119 - Spotkanie autorskie dla dzieci","og_description":"Rezerwuj spotkanie autorskie on-line Wype\u0142nij prosty formularz, a na pewno oddzwoni\u0119, by om\u00f3wi\u0107 szczeg\u00f3\u0142y spotkania autorskiego. Mo\u017cna te\u017c bezpo\u015brednio kontaktowa\u0107 si\u0119 telefonicznie z Panem Poet\u0105: 696 062 716","og_url":"https:\/\/spotkanieautorskie.pl\/index.php\/elementor-119\/","og_site_name":"Spotkanie autorskie dla dzieci","article_modified_time":"2021-01-27T08:25:52+00:00","twitter_card":"summary_large_image","schema":{"@context":"https:\/\/schema.org","@graph":[{"@type":"WebPage","@id":"https:\/\/spotkanieautorskie.pl\/index.php\/elementor-119\/","url":"https:\/\/spotkanieautorskie.pl\/index.php\/elementor-119\/","name":"Elementor #119 - Spotkanie autorskie dla dzieci","isPartOf":{"@id":"https:\/\/spotkanieautorskie.pl\/#website"},"datePublished":"2021-01-27T08:23:39+00:00","dateModified":"2021-01-27T08:25:52+00:00","breadcrumb":{"@id":"https:\/\/spotkanieautorskie.pl\/index.php\/elementor-119\/#breadcrumb"},"inLanguage":"pl-PL","potentialAction":[{"@type":"ReadAction","target":["https:\/\/spotkanieautorskie.pl\/index.php\/elementor-119\/"]}]},{"@type":"BreadcrumbList","@id":"https:\/\/spotkanieautorskie.pl\/index.php\/elementor-119\/#breadcrumb","itemListElement":[{"@type":"ListItem","position":1,"name":"Strona g\u0142\u00f3wna","item":"https:\/\/spotkanieautorskie.pl\/"},{"@type":"ListItem","position":2,"name":"Elementor #119"}]},{"@type":"WebSite","@id":"https:\/\/spotkanieautorskie.pl\/#website","url":"https:\/\/spotkanieautorskie.pl\/","name":"Spotkanie autorskie dla dzieci","description":"Spotkania autorskie dla dzieci z pisarzem","potentialAction":[{"@type":"SearchAction","target":{"@type":"EntryPoint","urlTemplate":"https:\/\/spotkanieautorskie.pl\/?s={search_term_string}"},"query-input":"required name=search_term_string"}],"inLanguage":"pl-PL"}]}},"_links":{"self":[{"href":"https:\/\/spotkanieautorskie.pl\/index.php\/wp-json\/wp\/v2\/pages\/119","targetHints":{"allow":["GET"]}}],"collection":[{"href":"https:\/\/spotkanieautorskie.pl\/index.php\/wp-json\/wp\/v2\/pages"}],"about":[{"href":"https:\/\/spotkanieautorskie.pl\/index.php\/wp-json\/wp\/v2\/types\/page"}],"author":[{"embeddable":true,"href":"https:\/\/spotkanieautorskie.pl\/index.php\/wp-json\/wp\/v2\/users\/1"}],"replies":[{"embeddable":true,"href":"https:\/\/spotkanieautorskie.pl\/index.php\/wp-json\/wp\/v2\/comments?post=119"}],"version-history":[{"count":4,"href":"https:\/\/spotkanieautorskie.pl\/index.php\/wp-json\/wp\/v2\/pages\/119\/revisions"}],"predecessor-version":[{"id":123,"href":"https:\/\/spotkanieautorskie.pl\/index.php\/wp-json\/wp\/v2\/pages\/119\/revisions\/123"}],"wp:attachment":[{"href":"https:\/\/spotkanieautorskie.pl\/index.php\/wp-json\/wp\/v2\/media?parent=119"}],"curies":[{"name":"wp","href":"https:\/\/api.w.org\/{rel}","templated":true}]}}